{"id":3207,"date":"2026-01-31T16:38:47","date_gmt":"2026-01-31T15:38:47","guid":{"rendered":"https:\/\/kvt-info.shop\/produkt\/coil-roll-60-x-29mm-bobst-media\/"},"modified":"2025-02-23T12:26:48","modified_gmt":"2025-02-23T11:26:48","slug":"coil-60-x-29mm-bobst-media","status":"publish","type":"product","link":"https:\/\/kvt-info.shop\/en\/produkt\/coil-60-x-29mm-bobst-media\/","title":{"rendered":"Coil 60 x 29mm Bobst Media"},"content":{"rendered":"<p>Flanged roller made of steel, burnished for Bobst Media with the following dimensions: A\u00d8=60mm x I\u00d8=32mm, width=29mm, insertion \u00d8= 50mm x 26mm without ball bearing<\/p>\n","protected":false},"excerpt":{"rendered":"<p>Flanged roller made of steel, burnished for Bobst Media with the following dimensions: A\u00d8=60mm x I\u00d8=32mm, width=29mm, insertion \u00d8= 50mm x 26mm without ball bearing<\/p>\n","protected":false},"featured_media":2232,"template":"","meta":{"_themeisle_gutenberg_block_has_review":false},"product_brand":[],"product_cat":[151,160,220],"product_tag":[],"class_list":{"0":"post-3207","1":"product","2":"type-product","3":"status-publish","4":"has-post-thumbnail","6":"product_cat-3-bobst","7":"product_cat-3-2-gluing-machines-bobst","8":"product_cat-3-2-1-mechanical-components","10":"first","11":"instock","12":"purchasable","13":"product-type-simple"},"_links":{"self":[{"href":"https:\/\/kvt-info.shop\/en\/wp-json\/wp\/v2\/product\/3207","targetHints":{"allow":["GET"]}}],"collection":[{"href":"https:\/\/kvt-info.shop\/en\/wp-json\/wp\/v2\/product"}],"about":[{"href":"https:\/\/kvt-info.shop\/en\/wp-json\/wp\/v2\/types\/product"}],"wp:featuredmedia":[{"embeddable":true,"href":"https:\/\/kvt-info.shop\/en\/wp-json\/wp\/v2\/media\/2232"}],"wp:attachment":[{"href":"https:\/\/kvt-info.shop\/en\/wp-json\/wp\/v2\/media?parent=3207"}],"wp:term":[{"taxonomy":"product_brand","embeddable":true,"href":"https:\/\/kvt-info.shop\/en\/wp-json\/wp\/v2\/product_brand?post=3207"},{"taxonomy":"product_cat","embeddable":true,"href":"https:\/\/kvt-info.shop\/en\/wp-json\/wp\/v2\/product_cat?post=3207"},{"taxonomy":"product_tag","embeddable":true,"href":"https:\/\/kvt-info.shop\/en\/wp-json\/wp\/v2\/product_tag?post=3207"}],"curies":[{"name":"wp","href":"https:\/\/api.w.org\/{rel}","templated":true}]}}