{"id":3183,"date":"2025-09-03T07:51:38","date_gmt":"2025-09-03T06:51:38","guid":{"rendered":"https:\/\/kvt-info.shop\/produkt\/coil-roll-41-x-24mm-bobst-media\/"},"modified":"2025-02-23T12:26:46","modified_gmt":"2025-02-23T11:26:46","slug":"fret-roll-41-x-24mm-bobst-media","status":"publish","type":"product","link":"https:\/\/kvt-info.shop\/en\/produkt\/fret-roll-41-x-24mm-bobst-media\/","title":{"rendered":"Fret Roll 41 x 24mm Bobst Media"},"content":{"rendered":"<p>Flanged roller made of steel, burnished for Bobst Media with the following dimensions: A\u00d8=41 mm x I\u00d8=26mm, width=24mm, recess \u00d8= 35mm x 22mm, without ball bearing.<\/p>\n","protected":false},"excerpt":{"rendered":"<p>Flanged roller made of steel, burnished for Bobst Media with the following dimensions: A\u00d8=41 mm x I\u00d8=26mm, width=24mm, recess \u00d8= 35mm x 22mm, without ball bearing.<\/p>\n","protected":false},"featured_media":2231,"template":"","meta":{"_themeisle_gutenberg_block_has_review":false},"product_brand":[],"product_cat":[151,160,164],"product_tag":[],"class_list":{"0":"post-3183","1":"product","2":"type-product","3":"status-publish","4":"has-post-thumbnail","6":"product_cat-3-bobst","7":"product_cat-3-2-gluing-machines-bobst","8":"product_cat-3-2-5-bearings-rolls","10":"first","11":"instock","12":"purchasable","13":"product-type-simple"},"_links":{"self":[{"href":"https:\/\/kvt-info.shop\/en\/wp-json\/wp\/v2\/product\/3183","targetHints":{"allow":["GET"]}}],"collection":[{"href":"https:\/\/kvt-info.shop\/en\/wp-json\/wp\/v2\/product"}],"about":[{"href":"https:\/\/kvt-info.shop\/en\/wp-json\/wp\/v2\/types\/product"}],"wp:featuredmedia":[{"embeddable":true,"href":"https:\/\/kvt-info.shop\/en\/wp-json\/wp\/v2\/media\/2231"}],"wp:attachment":[{"href":"https:\/\/kvt-info.shop\/en\/wp-json\/wp\/v2\/media?parent=3183"}],"wp:term":[{"taxonomy":"product_brand","embeddable":true,"href":"https:\/\/kvt-info.shop\/en\/wp-json\/wp\/v2\/product_brand?post=3183"},{"taxonomy":"product_cat","embeddable":true,"href":"https:\/\/kvt-info.shop\/en\/wp-json\/wp\/v2\/product_cat?post=3183"},{"taxonomy":"product_tag","embeddable":true,"href":"https:\/\/kvt-info.shop\/en\/wp-json\/wp\/v2\/product_tag?post=3183"}],"curies":[{"name":"wp","href":"https:\/\/api.w.org\/{rel}","templated":true}]}}