{"id":3137,"date":"2026-01-31T16:40:41","date_gmt":"2026-01-31T15:40:41","guid":{"rendered":"https:\/\/kvt-info.shop\/produkt\/jagenberg-diana-90-1-chain-sprocket-return-unit\/"},"modified":"2025-02-23T12:12:10","modified_gmt":"2025-02-23T11:12:10","slug":"sprocket-deflection-unterleimwerk-jagenberg-diana-90-1","status":"publish","type":"product","link":"https:\/\/kvt-info.shop\/en\/produkt\/sprocket-deflection-unterleimwerk-jagenberg-diana-90-1\/","title":{"rendered":"Sprocket Deflection Unterleimwerk Jagenberg Diana 90-1"},"content":{"rendered":"<p>Chain wheel deflection for Jagenberg Diana 90 bottom gluing unitwith the following dimensions:16 teeth, \u00d8O=70, \u00d8I=32,\u00d8bearing=15, width=16<\/p>\n","protected":false},"excerpt":{"rendered":"<p>Chain wheel deflection for Jagenberg Diana 90 bottom gluing unitwith the following dimensions:16 teeth, \u00d8O=70, \u00d8I=32,\u00d8bearing=15, width=16<\/p>\n","protected":false},"featured_media":2525,"template":"","meta":{"_themeisle_gutenberg_block_has_review":false},"product_brand":[],"product_cat":[128,129,130,205],"product_tag":[],"class_list":{"0":"post-3137","1":"product","2":"type-product","3":"status-publish","4":"has-post-thumbnail","6":"product_cat-4-jagenberg-heidelberg","7":"product_cat-4-2-gluing-machine","8":"product_cat-4-2-1-mechanical-components","9":"product_cat-bottom-gluing-unit","11":"first","12":"instock","13":"purchasable","14":"product-type-simple"},"_links":{"self":[{"href":"https:\/\/kvt-info.shop\/en\/wp-json\/wp\/v2\/product\/3137","targetHints":{"allow":["GET"]}}],"collection":[{"href":"https:\/\/kvt-info.shop\/en\/wp-json\/wp\/v2\/product"}],"about":[{"href":"https:\/\/kvt-info.shop\/en\/wp-json\/wp\/v2\/types\/product"}],"wp:featuredmedia":[{"embeddable":true,"href":"https:\/\/kvt-info.shop\/en\/wp-json\/wp\/v2\/media\/2525"}],"wp:attachment":[{"href":"https:\/\/kvt-info.shop\/en\/wp-json\/wp\/v2\/media?parent=3137"}],"wp:term":[{"taxonomy":"product_brand","embeddable":true,"href":"https:\/\/kvt-info.shop\/en\/wp-json\/wp\/v2\/product_brand?post=3137"},{"taxonomy":"product_cat","embeddable":true,"href":"https:\/\/kvt-info.shop\/en\/wp-json\/wp\/v2\/product_cat?post=3137"},{"taxonomy":"product_tag","embeddable":true,"href":"https:\/\/kvt-info.shop\/en\/wp-json\/wp\/v2\/product_tag?post=3137"}],"curies":[{"name":"wp","href":"https:\/\/api.w.org\/{rel}","templated":true}]}}