{"id":3093,"date":"2025-09-03T07:52:14","date_gmt":"2025-09-03T06:52:14","guid":{"rendered":"https:\/\/kvt-info.shop\/produkt\/bolt-alignment-press-belt-o8-o13-o25-l65-for-jagenberg-diana-115-3\/"},"modified":"2025-02-23T12:28:13","modified_gmt":"2025-02-23T11:28:13","slug":"bolt-alignment-press-belt-oe8-oe13-oe25-l65-for-jagenberg-diana-115-3","status":"publish","type":"product","link":"https:\/\/kvt-info.shop\/en\/produkt\/bolt-alignment-press-belt-oe8-oe13-oe25-l65-for-jagenberg-diana-115-3\/","title":{"rendered":"Bolt alignment press belt \u00d88\/\u00d813\/\u00d825 L=65 for Jagenberg Diana 115-3"},"content":{"rendered":"<p>Bolt for the alignment\/alignment station on the press belt of a Jagenberg Diana 115-3, with the following dimensions: \u00d81= 8mm x 38mm, \u00d82=13mm x 5mm, \u00d83=25mm x 22 mm, with internal thread on both sides.<\/p>\n","protected":false},"excerpt":{"rendered":"<p>Bolt for the alignment\/alignment station on the press belt of a Jagenberg Diana 115-3, with the following dimensions: \u00d81= 8mm x 38mm, \u00d82=13mm x 5mm, \u00d83=25mm x 22 mm, with internal thread on both sides.<\/p>\n","protected":false},"featured_media":4052,"template":"","meta":{"_themeisle_gutenberg_block_has_review":false},"product_brand":[],"product_cat":[128,129,130,189],"product_tag":[],"class_list":{"0":"post-3093","1":"product","2":"type-product","3":"status-publish","4":"has-post-thumbnail","6":"product_cat-4-jagenberg-heidelberg","7":"product_cat-4-2-gluing-machine","8":"product_cat-4-2-1-mechanical-components","9":"product_cat-4-2-5-bearings-rolls","11":"first","12":"instock","13":"purchasable","14":"product-type-simple"},"_links":{"self":[{"href":"https:\/\/kvt-info.shop\/en\/wp-json\/wp\/v2\/product\/3093","targetHints":{"allow":["GET"]}}],"collection":[{"href":"https:\/\/kvt-info.shop\/en\/wp-json\/wp\/v2\/product"}],"about":[{"href":"https:\/\/kvt-info.shop\/en\/wp-json\/wp\/v2\/types\/product"}],"wp:featuredmedia":[{"embeddable":true,"href":"https:\/\/kvt-info.shop\/en\/wp-json\/wp\/v2\/media\/4052"}],"wp:attachment":[{"href":"https:\/\/kvt-info.shop\/en\/wp-json\/wp\/v2\/media?parent=3093"}],"wp:term":[{"taxonomy":"product_brand","embeddable":true,"href":"https:\/\/kvt-info.shop\/en\/wp-json\/wp\/v2\/product_brand?post=3093"},{"taxonomy":"product_cat","embeddable":true,"href":"https:\/\/kvt-info.shop\/en\/wp-json\/wp\/v2\/product_cat?post=3093"},{"taxonomy":"product_tag","embeddable":true,"href":"https:\/\/kvt-info.shop\/en\/wp-json\/wp\/v2\/product_tag?post=3093"}],"curies":[{"name":"wp","href":"https:\/\/api.w.org\/{rel}","templated":true}]}}