{"id":3071,"date":"2025-09-03T07:59:06","date_gmt":"2025-09-03T06:59:06","guid":{"rendered":"https:\/\/kvt-info.shop\/produkt\/axle-for-crowned-roller-transfer-station-jagenberg-diana-165-3-4\/"},"modified":"2025-02-23T12:30:01","modified_gmt":"2025-02-23T11:30:01","slug":"axle-for-crowned-roller-transfer-station-jagenberg-diana-165-3-4","status":"publish","type":"product","link":"https:\/\/kvt-info.shop\/en\/produkt\/axle-for-crowned-roller-transfer-station-jagenberg-diana-165-3-4\/","title":{"rendered":"Axle for crowned roller transfer station Jagenberg Diana 165\/3 + 4"},"content":{"rendered":"<p>Axle for crowned roller on transfer station for Jagenberg Diana 165\/3 + 4,\u00d825 with M10 screw hole x \u00d820 x \u00d88mm.<\/p>\n","protected":false},"excerpt":{"rendered":"<p>Axle for crowned roller on transfer station for Jagenberg Diana 165\/3 + 4,\u00d825 with M10 screw hole x \u00d820 x \u00d88mm.<\/p>\n","protected":false},"featured_media":2535,"template":"","meta":{"_themeisle_gutenberg_block_has_review":false},"product_brand":[],"product_cat":[128,129,130,189],"product_tag":[],"class_list":{"0":"post-3071","1":"product","2":"type-product","3":"status-publish","4":"has-post-thumbnail","6":"product_cat-4-jagenberg-heidelberg","7":"product_cat-4-2-gluing-machine","8":"product_cat-4-2-1-mechanical-components","9":"product_cat-4-2-5-bearings-rolls","11":"first","12":"instock","13":"purchasable","14":"product-type-simple"},"_links":{"self":[{"href":"https:\/\/kvt-info.shop\/en\/wp-json\/wp\/v2\/product\/3071","targetHints":{"allow":["GET"]}}],"collection":[{"href":"https:\/\/kvt-info.shop\/en\/wp-json\/wp\/v2\/product"}],"about":[{"href":"https:\/\/kvt-info.shop\/en\/wp-json\/wp\/v2\/types\/product"}],"wp:featuredmedia":[{"embeddable":true,"href":"https:\/\/kvt-info.shop\/en\/wp-json\/wp\/v2\/media\/2535"}],"wp:attachment":[{"href":"https:\/\/kvt-info.shop\/en\/wp-json\/wp\/v2\/media?parent=3071"}],"wp:term":[{"taxonomy":"product_brand","embeddable":true,"href":"https:\/\/kvt-info.shop\/en\/wp-json\/wp\/v2\/product_brand?post=3071"},{"taxonomy":"product_cat","embeddable":true,"href":"https:\/\/kvt-info.shop\/en\/wp-json\/wp\/v2\/product_cat?post=3071"},{"taxonomy":"product_tag","embeddable":true,"href":"https:\/\/kvt-info.shop\/en\/wp-json\/wp\/v2\/product_tag?post=3071"}],"curies":[{"name":"wp","href":"https:\/\/api.w.org\/{rel}","templated":true}]}}