{"id":2925,"date":"2026-01-31T16:48:50","date_gmt":"2026-01-31T15:48:50","guid":{"rendered":"https:\/\/kvt-info.shop\/produkt\/polygon-holder-complete\/"},"modified":"2025-02-23T12:09:11","modified_gmt":"2025-02-23T11:09:11","slug":"polygon-holder-complete","status":"publish","type":"product","link":"https:\/\/kvt-info.shop\/en\/produkt\/polygon-holder-complete\/","title":{"rendered":"Polygon holder complete"},"content":{"rendered":"<p>Polygon holder completeThe Polygon holder kit contains 6 components:1 pc. Polygon guide1 pc. Clamping bracket \u00d8 20mm on \u00d816mm1 pc. Torsion clamp aluminum \u00d816mm1 pc. Bar \u00d816mm length 400mm1 pc. Polygon guide holder \u00d816mm length 420mm1 pc  Deflection clamping \u00d816mm length 300mm<\/p>\n","protected":false},"excerpt":{"rendered":"<p>Polygon holder completeThe Polygon holder kit contains 6 components:1 pc. Polygon guide1 pc. Clamping bracket \u00d8 20mm on \u00d816mm1 pc. Torsion clamp aluminum \u00d816mm1 pc. Bar \u00d816mm length 400mm1 pc. Polygon guide holder \u00d816mm length 420mm1 pc Deflection clamping \u00d816mm length 300mm<\/p>\n","protected":false},"featured_media":2050,"template":"","meta":{"_themeisle_gutenberg_block_has_review":false},"product_brand":[],"product_cat":[151,160,220,128,129,130],"product_tag":[],"class_list":{"0":"post-2925","1":"product","2":"type-product","3":"status-publish","4":"has-post-thumbnail","6":"product_cat-3-bobst","7":"product_cat-3-2-gluing-machines-bobst","8":"product_cat-3-2-1-mechanical-components","9":"product_cat-4-jagenberg-heidelberg","10":"product_cat-4-2-gluing-machine","11":"product_cat-4-2-1-mechanical-components","13":"first","14":"instock","15":"purchasable","16":"product-type-simple"},"_links":{"self":[{"href":"https:\/\/kvt-info.shop\/en\/wp-json\/wp\/v2\/product\/2925","targetHints":{"allow":["GET"]}}],"collection":[{"href":"https:\/\/kvt-info.shop\/en\/wp-json\/wp\/v2\/product"}],"about":[{"href":"https:\/\/kvt-info.shop\/en\/wp-json\/wp\/v2\/types\/product"}],"wp:featuredmedia":[{"embeddable":true,"href":"https:\/\/kvt-info.shop\/en\/wp-json\/wp\/v2\/media\/2050"}],"wp:attachment":[{"href":"https:\/\/kvt-info.shop\/en\/wp-json\/wp\/v2\/media?parent=2925"}],"wp:term":[{"taxonomy":"product_brand","embeddable":true,"href":"https:\/\/kvt-info.shop\/en\/wp-json\/wp\/v2\/product_brand?post=2925"},{"taxonomy":"product_cat","embeddable":true,"href":"https:\/\/kvt-info.shop\/en\/wp-json\/wp\/v2\/product_cat?post=2925"},{"taxonomy":"product_tag","embeddable":true,"href":"https:\/\/kvt-info.shop\/en\/wp-json\/wp\/v2\/product_tag?post=2925"}],"curies":[{"name":"wp","href":"https:\/\/api.w.org\/{rel}","templated":true}]}}