{"id":2816,"date":"2026-01-31T16:39:26","date_gmt":"2026-01-31T15:39:26","guid":{"rendered":"https:\/\/kvt-info.shop\/produkt\/clamping-rod-o16mm-to-o-13mm-150mm-long\/"},"modified":"2025-02-23T12:08:17","modified_gmt":"2025-02-23T11:08:17","slug":"clamping-rod-oe16mm-to-oe-13mm-150mm-long","status":"publish","type":"product","link":"https:\/\/kvt-info.shop\/en\/produkt\/clamping-rod-oe16mm-to-oe-13mm-150mm-long\/","title":{"rendered":"Clamping rod \u00d816mm to \u00d8 13mm 150mm long"},"content":{"rendered":"<p>Clamping bar \u00d816mm on \u00d813mm and a length of 150mm complete.<\/p>\n","protected":false},"excerpt":{"rendered":"<p>Clamping bar \u00d816mm on \u00d813mm and a length of 150mm complete.<\/p>\n","protected":false},"featured_media":1966,"template":"","meta":{"_themeisle_gutenberg_block_has_review":false},"product_brand":[],"product_cat":[128,129,130],"product_tag":[],"class_list":{"0":"post-2816","1":"product","2":"type-product","3":"status-publish","4":"has-post-thumbnail","6":"product_cat-4-jagenberg-heidelberg","7":"product_cat-4-2-gluing-machine","8":"product_cat-4-2-1-mechanical-components","10":"first","11":"instock","12":"purchasable","13":"product-type-simple"},"_links":{"self":[{"href":"https:\/\/kvt-info.shop\/en\/wp-json\/wp\/v2\/product\/2816","targetHints":{"allow":["GET"]}}],"collection":[{"href":"https:\/\/kvt-info.shop\/en\/wp-json\/wp\/v2\/product"}],"about":[{"href":"https:\/\/kvt-info.shop\/en\/wp-json\/wp\/v2\/types\/product"}],"wp:featuredmedia":[{"embeddable":true,"href":"https:\/\/kvt-info.shop\/en\/wp-json\/wp\/v2\/media\/1966"}],"wp:attachment":[{"href":"https:\/\/kvt-info.shop\/en\/wp-json\/wp\/v2\/media?parent=2816"}],"wp:term":[{"taxonomy":"product_brand","embeddable":true,"href":"https:\/\/kvt-info.shop\/en\/wp-json\/wp\/v2\/product_brand?post=2816"},{"taxonomy":"product_cat","embeddable":true,"href":"https:\/\/kvt-info.shop\/en\/wp-json\/wp\/v2\/product_cat?post=2816"},{"taxonomy":"product_tag","embeddable":true,"href":"https:\/\/kvt-info.shop\/en\/wp-json\/wp\/v2\/product_tag?post=2816"}],"curies":[{"name":"wp","href":"https:\/\/api.w.org\/{rel}","templated":true}]}}