{"id":2812,"date":"2026-01-31T16:41:19","date_gmt":"2026-01-31T15:41:19","guid":{"rendered":"https:\/\/kvt-info.shop\/produkt\/clamping-bracket-o-20mm-to-o-16mm-folding-station-jagenberg-diana\/"},"modified":"2025-02-23T12:09:50","modified_gmt":"2025-02-23T11:09:50","slug":"clamping-bracket-oe-20mm-to-oe-16mm-folding-station-jagenberg-diana","status":"publish","type":"product","link":"https:\/\/kvt-info.shop\/en\/produkt\/clamping-bracket-oe-20mm-to-oe-16mm-folding-station-jagenberg-diana\/","title":{"rendered":"Clamping bracket \u00d8 20mm to \u00d8 16mm Folding station Jagenberg Diana"},"content":{"rendered":"<p>Clamping bracket for Jagenberg , \u00d8 20mm to \u00d8 16mm.<\/p>\n","protected":false},"excerpt":{"rendered":"<p>Clamping bracket for Jagenberg , \u00d8 20mm to \u00d8 16mm.<\/p>\n","protected":false},"featured_media":1994,"template":"","meta":{"_themeisle_gutenberg_block_has_review":false},"product_brand":[],"product_cat":[128,129,130],"product_tag":[],"class_list":{"0":"post-2812","1":"product","2":"type-product","3":"status-publish","4":"has-post-thumbnail","6":"product_cat-4-jagenberg-heidelberg","7":"product_cat-4-2-gluing-machine","8":"product_cat-4-2-1-mechanical-components","10":"first","11":"instock","12":"purchasable","13":"product-type-simple"},"_links":{"self":[{"href":"https:\/\/kvt-info.shop\/en\/wp-json\/wp\/v2\/product\/2812","targetHints":{"allow":["GET"]}}],"collection":[{"href":"https:\/\/kvt-info.shop\/en\/wp-json\/wp\/v2\/product"}],"about":[{"href":"https:\/\/kvt-info.shop\/en\/wp-json\/wp\/v2\/types\/product"}],"wp:featuredmedia":[{"embeddable":true,"href":"https:\/\/kvt-info.shop\/en\/wp-json\/wp\/v2\/media\/1994"}],"wp:attachment":[{"href":"https:\/\/kvt-info.shop\/en\/wp-json\/wp\/v2\/media?parent=2812"}],"wp:term":[{"taxonomy":"product_brand","embeddable":true,"href":"https:\/\/kvt-info.shop\/en\/wp-json\/wp\/v2\/product_brand?post=2812"},{"taxonomy":"product_cat","embeddable":true,"href":"https:\/\/kvt-info.shop\/en\/wp-json\/wp\/v2\/product_cat?post=2812"},{"taxonomy":"product_tag","embeddable":true,"href":"https:\/\/kvt-info.shop\/en\/wp-json\/wp\/v2\/product_tag?post=2812"}],"curies":[{"name":"wp","href":"https:\/\/api.w.org\/{rel}","templated":true}]}}